{"id":603,"date":"2022-01-17T11:27:46","date_gmt":"2022-01-17T10:27:46","guid":{"rendered":"https:\/\/doctor-mo.de\/\/?page_id=603"},"modified":"2025-08-19T18:44:15","modified_gmt":"2025-08-19T16:44:15","slug":"beratungstermin","status":"publish","type":"page","link":"https:\/\/reach-marketing.de\/en\/beratungstermin\/","title":{"rendered":"Let's talk!"},"content":{"rendered":"<p>[et_pb_section fb_built=&#8220;1&#8243; module_class=&#8220;form-unterseite&#8220; _builder_version=&#8220;4.27.4&#8243; _module_preset=&#8220;default&#8220; parallax=&#8220;on&#8220; parallax_method=&#8220;off&#8220; hover_enabled=&#8220;0&#8243; global_colors_info=&#8220;{}&#8220; background_color=&#8220;#191919&#8243; background_enable_image=&#8220;off&#8220; sticky_enabled=&#8220;0&#8243;][et_pb_row _builder_version=&#8220;4.16&#8243; _module_preset=&#8220;default&#8220; global_colors_info=&#8220;{}&#8220;][et_pb_column type=&#8220;4_4&#8243; _builder_version=&#8220;4.16&#8243; _module_preset=&#8220;default&#8220; global_colors_info=&#8220;{}&#8220;][et_pb_text _builder_version=&#8220;4.27.4&#8243; _module_preset=&#8220;default&#8220; header_2_font=&#8220;Poppins||||||||&#8220; hover_enabled=&#8220;0&#8243; sticky_enabled=&#8220;0&#8243; text_font=&#8220;Poppins||||||||&#8220; text_text_color=&#8220;#ffffff&#8220; header_2_text_color=&#8220;#ffffff&#8220; header_2_text_shadow_style=&#8220;preset1&#8243; header_2_text_shadow_horizontal_length=&#8220;0.2em&#8220; header_2_text_shadow_vertical_length=&#8220;0.2em&#8220; header_2_text_shadow_blur_strength=&#8220;0.2em&#8220; header_2_text_shadow_color=&#8220;#000000&#8243; text_text_shadow_style=&#8220;preset1&#8243; text_text_shadow_horizontal_length=&#8220;0.2em&#8220; text_text_shadow_vertical_length=&#8220;0.2em&#8220; text_text_shadow_blur_strength=&#8220;0.2em&#8220; text_text_shadow_color=&#8220;#000000&#8243; header_3_font=&#8220;Poppins||||||||&#8220; header_3_font_size=&#8220;34px&#8220; header_3_text_color=&#8220;#0C71C3&#8243; header_3_text_shadow_style=&#8220;preset1&#8243; header_3_text_shadow_horizontal_length=&#8220;0.2em&#8220; header_3_text_shadow_vertical_length=&#8220;0.2em&#8220; header_3_text_shadow_blur_strength=&#8220;0.2em&#8220; header_3_text_shadow_color=&#8220;#000000&#8243;]<\/p>\n<h2 class=\"title\" style=\"text-align: center;\">Contact us any time!<\/h2>\n<h3 style=\"text-align: center;\">Reach Marketing<\/h3>\n<div class=\"textwidget\">\n<p style=\"text-align: center;\">Founder: Mateusz Langner<br \/>Burgunderstra\u00dfe 37<br \/>42653 Solingen<\/p>\n<p style=\"text-align: center;\">Phone:\u00a0<a href=\"tel:4917636339520\"><span class=\"color_11\"><span style=\"text-decoration: underline;\"><span style=\"color: #ffffff; text-decoration: underline;\">+49 176 \/ 36 33 95 20<\/span><\/span><\/span><\/a><br \/>E-Mail:\u00a0<span class=\"color_11\"><span style=\"text-decoration: underline;\"><span style=\"color: #ffffff;\"><a href=\"mailto:info@reach-marketing.de\" style=\"color: #ffffff; text-decoration: underline;\">info@reach-marketing.de<\/a><\/span><\/span><br \/>Discord: reachmarketing<\/span><\/p>\n<p>&nbsp;<\/p>\n<\/div>\n<p>[\/et_pb_text][\/et_pb_column][\/et_pb_row][et_pb_row column_structure=&#8220;1_2,1_2&#8243; module_id=&#8220;kontakt&#8220; module_class=&#8220;form-row&#8220; _builder_version=&#8220;4.27.4&#8243; _module_preset=&#8220;default&#8220; background_color=&#8220;#FFFFFF&#8220; hover_enabled=&#8220;0&#8243; border_radii=&#8220;on|10px|10px|10px|10px&#8220; global_colors_info=&#8220;{}&#8220; sticky_enabled=&#8220;0&#8243; use_background_color_gradient=&#8220;on&#8220;][et_pb_column type=&#8220;1_2&#8243; _builder_version=&#8220;4.16&#8243; _module_preset=&#8220;default&#8220; global_colors_info=&#8220;{}&#8220;][et_pb_text _builder_version=&#8220;4.21.0&#8243; _module_preset=&#8220;default&#8220; hover_enabled=&#8220;0&#8243; global_colors_info=&#8220;{}&#8220; sticky_enabled=&#8220;0&#8243;]<\/p>\n<h1>Let's talk!<\/h1>\n<p>Schedule a free meeting! You can also reach out to us via Discord (Reach Marketing) for further inquiries!<\/p>\n<ul>\n<li>Fill out the form<\/li>\n<li>Get a response within 24 hours<\/li>\n<li>Consulting<\/li>\n<\/ul>\n<p>[\/et_pb_text][\/et_pb_column][et_pb_column type=&#8220;1_2&#8243; _builder_version=&#8220;4.16&#8243; _module_preset=&#8220;default&#8220; global_colors_info=&#8220;{}&#8220;][et_pb_text _builder_version=&#8220;4.16&#8243; _module_preset=&#8220;default&#8220; hover_enabled=&#8220;0&#8243; global_colors_info=&#8220;{}&#8220; sticky_enabled=&#8220;0&#8243;]\n<div class=\"wpcf7 no-js\" id=\"wpcf7-f271-o1\" lang=\"de-DE\" dir=\"ltr\" data-wpcf7-id=\"271\">\n<div class=\"screen-reader-response\"><p role=\"status\" aria-live=\"polite\" aria-atomic=\"true\"><\/p> <ul><\/ul><\/div>\n<form action=\"\/en\/wp-json\/wp\/v2\/pages\/603#wpcf7-f271-o1\" method=\"post\" class=\"wpcf7-form init wpcf7-acceptance-as-validation\" aria-label=\"Kontaktformular\" novalidate=\"novalidate\" data-status=\"init\" data-trp-original-action=\"\/en\/wp-json\/wp\/v2\/pages\/603#wpcf7-f271-o1\">\n<fieldset class=\"hidden-fields-container\"><input type=\"hidden\" name=\"_wpcf7\" value=\"271\" \/><input type=\"hidden\" name=\"_wpcf7_version\" value=\"6.1.2\" \/><input type=\"hidden\" name=\"_wpcf7_locale\" value=\"de_DE\" \/><input type=\"hidden\" name=\"_wpcf7_unit_tag\" value=\"wpcf7-f271-o1\" \/><input type=\"hidden\" name=\"_wpcf7_container_post\" value=\"0\" \/><input type=\"hidden\" name=\"_wpcf7_posted_data_hash\" value=\"\" \/>\n<\/fieldset>\n<div class=\"kontakt-form\">\n\t<p class=\"expertin\">Our experts will personally respond to you within 24 hours!\n\t<\/p>\n\t<p><span class=\"wpcf7-form-control-wrap\" data-name=\"DeinName\"><input size=\"40\" maxlength=\"400\" class=\"wpcf7-form-control wpcf7-text wpcf7-validates-as-required\" aria-required=\"true\" aria-invalid=\"false\" placeholder=\"Name*\" value=\"\" type=\"text\" name=\"DeinName\" \/><\/span><br \/>\n<span class=\"wpcf7-form-control-wrap\" data-name=\"channellink\"><input size=\"40\" maxlength=\"400\" class=\"wpcf7-form-control wpcf7-text\" aria-invalid=\"false\" placeholder=\"Thema\" value=\"\" type=\"text\" name=\"channellink\" \/><\/span><br \/>\n<span class=\"wpcf7-form-control-wrap\" data-name=\"email\"><input size=\"40\" maxlength=\"400\" class=\"wpcf7-form-control wpcf7-email wpcf7-validates-as-required wpcf7-text wpcf7-validates-as-email\" aria-required=\"true\" aria-invalid=\"false\" placeholder=\"Email\" value=\"\" type=\"email\" name=\"email\" \/><\/span><br \/>\n<span class=\"wpcf7-form-control-wrap\" data-name=\"tel\"><input size=\"40\" maxlength=\"400\" class=\"wpcf7-form-control wpcf7-tel wpcf7-text wpcf7-validates-as-tel\" aria-invalid=\"false\" placeholder=\"Phone #\" value=\"\" type=\"tel\" name=\"tel\" \/><\/span><span id=\"wpcf7-69e75d0ca0dcf-wrapper\" class=\"wpcf7-form-control-wrap firma-wrap\" style=\"display:none !important; visibility:hidden !important;\"><label for=\"wpcf7-69e75d0ca0dcf-field\" class=\"hp-message\">Bitte lasse dieses Feld leer.<\/label><input id=\"wpcf7-69e75d0ca0dcf-field\"  class=\"wpcf7-form-control wpcf7-text\" type=\"text\" name=\"firma\" value=\"\" size=\"40\" tabindex=\"-1\" autocomplete=\"new-password\" \/><\/span><br \/>\n<span id=\"wpcf7-69e75d0ca0e17-wrapper\" class=\"wpcf7-form-control-wrap company-wrap\" style=\"display:none !important; visibility:hidden !important;\"><label for=\"wpcf7-69e75d0ca0e17-field\" class=\"hp-message\">Bitte lasse dieses Feld leer.<\/label><input id=\"wpcf7-69e75d0ca0e17-field\"  class=\"wpcf7-form-control wpcf7-text\" type=\"text\" name=\"company\" value=\"\" size=\"40\" tabindex=\"-1\" autocomplete=\"new-password\" \/><\/span><br \/>\n<span class=\"wpcf7-form-control-wrap\" data-name=\"nachricht\"><textarea cols=\"40\" rows=\"10\" maxlength=\"2000\" class=\"wpcf7-form-control wpcf7-textarea\" aria-invalid=\"false\" placeholder=\"Your message\" name=\"nachricht\"><\/textarea><\/span><br \/>\n<span class=\"wpcf7-form-control-wrap\" data-name=\"datenschutz\"><span class=\"wpcf7-form-control wpcf7-acceptance\"><span class=\"wpcf7-list-item\"><label><input type=\"checkbox\" name=\"datenschutz\" value=\"1\" aria-invalid=\"false\" \/><span class=\"wpcf7-list-item-label\">I have read the <a target=\"_blank\" href=\"\/en\/datenschutzerklaerung\/\"><span style=\"text-decoration: underline;\"><span style=\"color: #ffffff; text-decoration: underline;\">PRIVACY POLICY<\/a><\/span><\/span> .<\/span><\/label><\/span><\/span><\/span><br \/>\n<button class=\"wpcf7-form-control wpcf7-submit has-spinner et_pb_button et_pb_bg_layout_light\" type=\"submit\" value=\"Termin vereinbaren\">Set up a meeting<\/button>\n\t<\/p>\n<\/div><div class=\"frc-captcha\" data-sitekey=\"FCMVILKH6J7CJ1PO\" data-lang=\"de\" ><\/div>\n\t\t<noscript>You need to enable Javascript for the anti-spam check.<\/noscript><div class=\"wpcf7-response-output\" aria-hidden=\"true\"><\/div>\n<input type=\"hidden\" name=\"trp-form-language\" value=\"en\"\/><\/form>\n<\/div>\n [\/et_pb_text][\/et_pb_column][\/et_pb_row][\/et_pb_section]<\/p>","protected":false},"excerpt":{"rendered":"<p>Kontaktier uns gerne jederzeit! Reach Marketing Inhaber: Mateusz LangnerBurgunderstra\u00dfe 3742653 Solingen Telefon:\u00a0+49 176 \/ 36 33 95 20E-Mail:\u00a0info@reach-marketing.deDiscord: reachmarketing &nbsp; Beratungsgespr\u00e4ch! Vereinbaren Sie ein kostenfreies Beratungsgespr\u00e4ch! Sie k\u00f6nnen uns auch gerne \u00fcber Discord (Reachmarketing) kontaktieren! Formular ausf\u00fcllen R\u00fcckmeldung innerhalb 24 Stunden Beratung \n<div class=\"wpcf7 no-js\" id=\"wpcf7-f271-o2\" lang=\"de-DE\" dir=\"ltr\" data-wpcf7-id=\"271\">\n<div class=\"screen-reader-response\"><p role=\"status\" aria-live=\"polite\" aria-atomic=\"true\"><\/p> <ul><\/ul><\/div>\n<form action=\"\/en\/wp-json\/wp\/v2\/pages\/603#wpcf7-f271-o2\" method=\"post\" class=\"wpcf7-form init wpcf7-acceptance-as-validation\" aria-label=\"Kontaktformular\" novalidate=\"novalidate\" data-status=\"init\" data-trp-original-action=\"\/en\/wp-json\/wp\/v2\/pages\/603#wpcf7-f271-o2\">\n<fieldset class=\"hidden-fields-container\"><input type=\"hidden\" name=\"_wpcf7\" value=\"271\" \/><input type=\"hidden\" name=\"_wpcf7_version\" value=\"6.1.2\" \/><input type=\"hidden\" name=\"_wpcf7_locale\" value=\"de_DE\" \/><input type=\"hidden\" name=\"_wpcf7_unit_tag\" value=\"wpcf7-f271-o2\" \/><input type=\"hidden\" name=\"_wpcf7_container_post\" value=\"0\" \/><input type=\"hidden\" name=\"_wpcf7_posted_data_hash\" value=\"\" \/>\n<\/fieldset>\n<div class=\"kontakt-form\">\n\t<p class=\"expertin\">Our experts will personally respond to you within 24 hours!\n\t<\/p>\n\t<p><span class=\"wpcf7-form-control-wrap\" data-name=\"DeinName\"><input size=\"40\" maxlength=\"400\" class=\"wpcf7-form-control wpcf7-text wpcf7-validates-as-required\" aria-required=\"true\" aria-invalid=\"false\" placeholder=\"Name*\" value=\"\" type=\"text\" name=\"DeinName\" \/><\/span><br \/>\n<span class=\"wpcf7-form-control-wrap\" data-name=\"channellink\"><input size=\"40\" maxlength=\"400\" class=\"wpcf7-form-control wpcf7-text\" aria-invalid=\"false\" placeholder=\"Thema\" value=\"\" type=\"text\" name=\"channellink\" \/><\/span><br \/>\n<span class=\"wpcf7-form-control-wrap\" data-name=\"email\"><input size=\"40\" maxlength=\"400\" class=\"wpcf7-form-control wpcf7-email wpcf7-validates-as-required wpcf7-text wpcf7-validates-as-email\" aria-required=\"true\" aria-invalid=\"false\" placeholder=\"Email\" value=\"\" type=\"email\" name=\"email\" \/><\/span><br \/>\n<span class=\"wpcf7-form-control-wrap\" data-name=\"tel\"><input size=\"40\" maxlength=\"400\" class=\"wpcf7-form-control wpcf7-tel wpcf7-text wpcf7-validates-as-tel\" aria-invalid=\"false\" placeholder=\"Phone #\" value=\"\" type=\"tel\" name=\"tel\" \/><\/span><span id=\"wpcf7-69e75d0ce6064-wrapper\" class=\"wpcf7-form-control-wrap firma-wrap\" style=\"display:none !important; visibility:hidden !important;\"><label for=\"wpcf7-69e75d0ce6064-field\" class=\"hp-message\">Bitte lasse dieses Feld leer.<\/label><input id=\"wpcf7-69e75d0ce6064-field\"  class=\"wpcf7-form-control wpcf7-text\" type=\"text\" name=\"firma\" value=\"\" size=\"40\" tabindex=\"-1\" autocomplete=\"new-password\" \/><\/span><br \/>\n<span id=\"wpcf7-69e75d0ce6085-wrapper\" class=\"wpcf7-form-control-wrap company-wrap\" style=\"display:none !important; visibility:hidden !important;\"><label for=\"wpcf7-69e75d0ce6085-field\" class=\"hp-message\">Bitte lasse dieses Feld leer.<\/label><input id=\"wpcf7-69e75d0ce6085-field\"  class=\"wpcf7-form-control wpcf7-text\" type=\"text\" name=\"company\" value=\"\" size=\"40\" tabindex=\"-1\" autocomplete=\"new-password\" \/><\/span><br \/>\n<span class=\"wpcf7-form-control-wrap\" data-name=\"nachricht\"><textarea cols=\"40\" rows=\"10\" maxlength=\"2000\" class=\"wpcf7-form-control wpcf7-textarea\" aria-invalid=\"false\" placeholder=\"Your message\" name=\"nachricht\"><\/textarea><\/span><br \/>\n<span class=\"wpcf7-form-control-wrap\" data-name=\"datenschutz\"><span class=\"wpcf7-form-control wpcf7-acceptance\"><span class=\"wpcf7-list-item\"><label><input type=\"checkbox\" name=\"datenschutz\" value=\"1\" aria-invalid=\"false\" \/><span class=\"wpcf7-list-item-label\">I have read the <a target=\"_blank\" href=\"\/en\/datenschutzerklaerung\/\"><span style=\"text-decoration: underline;\"><span style=\"color: #ffffff; text-decoration: underline;\">PRIVACY POLICY<\/a><\/span><\/span> .<\/span><\/label><\/span><\/span><\/span><br \/>\n<button class=\"wpcf7-form-control wpcf7-submit has-spinner et_pb_button et_pb_bg_layout_light\" type=\"submit\" value=\"Termin vereinbaren\">Set up a meeting<\/button>\n\t<\/p>\n<\/div><div class=\"frc-captcha\" data-sitekey=\"FCMVILKH6J7CJ1PO\" data-lang=\"de\" ><\/div>\n\t\t<noscript>You need to enable Javascript for the anti-spam check.<\/noscript><div class=\"wpcf7-response-output\" aria-hidden=\"true\"><\/div>\n<input type=\"hidden\" name=\"trp-form-language\" value=\"en\"\/><\/form>\n<\/div>\n<\/p>","protected":false},"author":5,"featured_media":0,"parent":0,"menu_order":0,"comment_status":"closed","ping_status":"closed","template":"","meta":{"_acf_changed":false,"_et_pb_use_builder":"on","_et_pb_old_content":"","_et_gb_content_width":"","_monsterinsights_skip_tracking":false,"_monsterinsights_sitenote_active":false,"_monsterinsights_sitenote_note":"","_monsterinsights_sitenote_category":0,"footnotes":""},"class_list":["post-603","page","type-page","status-publish","hentry"],"acf":[],"yoast_head":"<!-- This site is optimized with the Yoast SEO plugin v25.7 - https:\/\/yoast.com\/wordpress\/plugins\/seo\/ -->\n<title>Beratungsgespr\u00e4ch - Reach Marketing<\/title>\n<meta name=\"robots\" content=\"index, follow, max-snippet:-1, max-image-preview:large, max-video-preview:-1\" \/>\n<link rel=\"canonical\" href=\"https:\/\/reach-marketing.de\/en\/beratungstermin\/\" \/>\n<meta property=\"og:locale\" content=\"en_US\" \/>\n<meta property=\"og:type\" content=\"article\" \/>\n<meta property=\"og:title\" content=\"Beratungsgespr\u00e4ch - Reach Marketing\" \/>\n<meta property=\"og:description\" content=\"Kontaktier uns gerne jederzeit! Reach Marketing Inhaber: Mateusz LangnerBurgunderstra\u00dfe 3742653 Solingen Telefon:\u00a0+49 176 \/ 36 33 95 20E-Mail:\u00a0info@reach-marketing.deDiscord: reachmarketing &nbsp; Beratungsgespr\u00e4ch! Vereinbaren Sie ein kostenfreies Beratungsgespr\u00e4ch! Sie k\u00f6nnen uns auch gerne \u00fcber Discord (Reachmarketing) kontaktieren! Formular ausf\u00fcllen R\u00fcckmeldung innerhalb 24 Stunden Beratung\" \/>\n<meta property=\"og:url\" content=\"https:\/\/reach-marketing.de\/en\/beratungstermin\/\" \/>\n<meta property=\"og:site_name\" content=\"Reach Marketing\" \/>\n<meta property=\"article:modified_time\" content=\"2025-08-19T16:44:15+00:00\" \/>\n<meta name=\"twitter:card\" content=\"summary_large_image\" \/>\n<meta name=\"twitter:label1\" content=\"Est. reading time\" \/>\n\t<meta name=\"twitter:data1\" content=\"1 minute\" \/>\n<script type=\"application\/ld+json\" class=\"yoast-schema-graph\">{\"@context\":\"https:\/\/schema.org\",\"@graph\":[{\"@type\":\"WebPage\",\"@id\":\"https:\/\/reach-marketing.de\/beratungstermin\/\",\"url\":\"https:\/\/reach-marketing.de\/beratungstermin\/\",\"name\":\"Beratungsgespr\u00e4ch - Reach Marketing\",\"isPartOf\":{\"@id\":\"https:\/\/reach-marketing.de\/#website\"},\"datePublished\":\"2022-01-17T10:27:46+00:00\",\"dateModified\":\"2025-08-19T16:44:15+00:00\",\"breadcrumb\":{\"@id\":\"https:\/\/reach-marketing.de\/beratungstermin\/#breadcrumb\"},\"inLanguage\":\"en-US\",\"potentialAction\":[{\"@type\":\"ReadAction\",\"target\":[\"https:\/\/reach-marketing.de\/beratungstermin\/\"]}]},{\"@type\":\"BreadcrumbList\",\"@id\":\"https:\/\/reach-marketing.de\/beratungstermin\/#breadcrumb\",\"itemListElement\":[{\"@type\":\"ListItem\",\"position\":1,\"name\":\"Startseite\",\"item\":\"https:\/\/reach-marketing.de\/\"},{\"@type\":\"ListItem\",\"position\":2,\"name\":\"Beratungsgespr\u00e4ch\"}]},{\"@type\":\"WebSite\",\"@id\":\"https:\/\/reach-marketing.de\/#website\",\"url\":\"https:\/\/reach-marketing.de\/\",\"name\":\"Reach Marketing\",\"description\":\"B2B Influencer Marketing spezialisiert auf Twitch &amp; YouTube\",\"potentialAction\":[{\"@type\":\"SearchAction\",\"target\":{\"@type\":\"EntryPoint\",\"urlTemplate\":\"https:\/\/reach-marketing.de\/?s={search_term_string}\"},\"query-input\":{\"@type\":\"PropertyValueSpecification\",\"valueRequired\":true,\"valueName\":\"search_term_string\"}}],\"inLanguage\":\"en-US\"}]}<\/script>\n<!-- \/ Yoast SEO plugin. -->","yoast_head_json":{"title":"Beratungsgespr\u00e4ch - Reach Marketing","robots":{"index":"index","follow":"follow","max-snippet":"max-snippet:-1","max-image-preview":"max-image-preview:large","max-video-preview":"max-video-preview:-1"},"canonical":"https:\/\/reach-marketing.de\/en\/beratungstermin\/","og_locale":"en_US","og_type":"article","og_title":"Beratungsgespr\u00e4ch - Reach Marketing","og_description":"Kontaktier uns gerne jederzeit! Reach Marketing Inhaber: Mateusz LangnerBurgunderstra\u00dfe 3742653 Solingen Telefon:\u00a0+49 176 \/ 36 33 95 20E-Mail:\u00a0info@reach-marketing.deDiscord: reachmarketing &nbsp; Beratungsgespr\u00e4ch! Vereinbaren Sie ein kostenfreies Beratungsgespr\u00e4ch! Sie k\u00f6nnen uns auch gerne \u00fcber Discord (Reachmarketing) kontaktieren! Formular ausf\u00fcllen R\u00fcckmeldung innerhalb 24 Stunden Beratung","og_url":"https:\/\/reach-marketing.de\/en\/beratungstermin\/","og_site_name":"Reach Marketing","article_modified_time":"2025-08-19T16:44:15+00:00","twitter_card":"summary_large_image","twitter_misc":{"Est. reading time":"1 minute"},"schema":{"@context":"https:\/\/schema.org","@graph":[{"@type":"WebPage","@id":"https:\/\/reach-marketing.de\/beratungstermin\/","url":"https:\/\/reach-marketing.de\/beratungstermin\/","name":"Beratungsgespr\u00e4ch - Reach Marketing","isPartOf":{"@id":"https:\/\/reach-marketing.de\/#website"},"datePublished":"2022-01-17T10:27:46+00:00","dateModified":"2025-08-19T16:44:15+00:00","breadcrumb":{"@id":"https:\/\/reach-marketing.de\/beratungstermin\/#breadcrumb"},"inLanguage":"en-US","potentialAction":[{"@type":"ReadAction","target":["https:\/\/reach-marketing.de\/beratungstermin\/"]}]},{"@type":"BreadcrumbList","@id":"https:\/\/reach-marketing.de\/beratungstermin\/#breadcrumb","itemListElement":[{"@type":"ListItem","position":1,"name":"Startseite","item":"https:\/\/reach-marketing.de\/"},{"@type":"ListItem","position":2,"name":"Beratungsgespr\u00e4ch"}]},{"@type":"WebSite","@id":"https:\/\/reach-marketing.de\/#website","url":"https:\/\/reach-marketing.de\/","name":"Reach Marketing","description":"B2B Influencer Marketing spezialisiert auf Twitch &amp; YouTube","potentialAction":[{"@type":"SearchAction","target":{"@type":"EntryPoint","urlTemplate":"https:\/\/reach-marketing.de\/?s={search_term_string}"},"query-input":{"@type":"PropertyValueSpecification","valueRequired":true,"valueName":"search_term_string"}}],"inLanguage":"en-US"}]}},"_links":{"self":[{"href":"https:\/\/reach-marketing.de\/en\/wp-json\/wp\/v2\/pages\/603","targetHints":{"allow":["GET"]}}],"collection":[{"href":"https:\/\/reach-marketing.de\/en\/wp-json\/wp\/v2\/pages"}],"about":[{"href":"https:\/\/reach-marketing.de\/en\/wp-json\/wp\/v2\/types\/page"}],"author":[{"embeddable":true,"href":"https:\/\/reach-marketing.de\/en\/wp-json\/wp\/v2\/users\/5"}],"replies":[{"embeddable":true,"href":"https:\/\/reach-marketing.de\/en\/wp-json\/wp\/v2\/comments?post=603"}],"version-history":[{"count":0,"href":"https:\/\/reach-marketing.de\/en\/wp-json\/wp\/v2\/pages\/603\/revisions"}],"wp:attachment":[{"href":"https:\/\/reach-marketing.de\/en\/wp-json\/wp\/v2\/media?parent=603"}],"curies":[{"name":"wp","href":"https:\/\/api.w.org\/{rel}","templated":true}]}}